{"id":1036,"date":"2022-07-21T15:51:05","date_gmt":"2022-07-21T13:51:05","guid":{"rendered":"https:\/\/www.geeknoomoide.com\/?page_id=1036"},"modified":"2022-07-27T13:48:46","modified_gmt":"2022-07-27T11:48:46","slug":"videos-du-japon-la-chaine-youtube","status":"publish","type":"page","link":"https:\/\/www.geeknoomoide.com\/index.php\/videos-du-japon-la-chaine-youtube\/","title":{"rendered":"VIDEOS DU JAPON :  Ma cha\u00eene Youtube"},"content":{"rendered":"\n\n\n\n[et_pb_section fb_built=\u00a0\u00bb1&Prime; fullwidth=\u00a0\u00bbon\u00a0\u00bb admin_label=\u00a0\u00bbPage Header\u00a0\u00bb _builder_version=\u00a0\u00bb4.16&Prime; background_image=\u00a0\u00bbhttps:\/\/www.geeknoomoide.com\/wp-content\/uploads\/2021\/03\/japon-15-1-scaled.jpg\u00a0\u00bb parallax=\u00a0\u00bbon\u00a0\u00bb global_colors_info=\u00a0\u00bb{}\u00a0\u00bb][et_pb_fullwidth_header text_orientation=\u00a0\u00bbcenter\u00a0\u00bb admin_label=\u00a0\u00bbHero Section\u00a0\u00bb _builder_version=\u00a0\u00bb4.16&Prime; title_font=\u00a0\u00bbMontserrat|on|||\u00a0\u00bb title_font_size=\u00a0\u00bb60px\u00a0\u00bb title_line_height=\u00a0\u00bb1.4em\u00a0\u00bb content_font_size=\u00a0\u00bb22px\u00a0\u00bb content_line_height=\u00a0\u00bb1.8em\u00a0\u00bb subhead_font=\u00a0\u00bb||||\u00a0\u00bb background_color=\u00a0\u00bbrgba(255, 255, 255, 0)\u00a0\u00bb background_enable_image=\u00a0\u00bboff\u00a0\u00bb parallax=\u00a0\u00bbon\u00a0\u00bb custom_button_one=\u00a0\u00bbon\u00a0\u00bb button_one_text_size=\u00a0\u00bb16px\u00a0\u00bb button_one_bg_color=\u00a0\u00bb#6eba01&Prime; button_one_border_width=\u00a0\u00bb2px\u00a0\u00bb button_one_border_color=\u00a0\u00bb#6eba01&Prime; button_one_border_radius=\u00a0\u00bb0&Prime; button_one_letter_spacing=\u00a0\u00bb2&Prime; button_one_font=\u00a0\u00bbMontserrat|||on|\u00a0\u00bb button_one_use_icon=\u00a0\u00bboff\u00a0\u00bb custom_button_two=\u00a0\u00bbon\u00a0\u00bb button_two_text_size=\u00a0\u00bb16px\u00a0\u00bb button_two_border_width=\u00a0\u00bb2px\u00a0\u00bb button_two_border_color=\u00a0\u00bb#ffffff\u00a0\u00bb button_two_border_radius=\u00a0\u00bb0&Prime; button_two_letter_spacing=\u00a0\u00bb2&Prime; button_two_font=\u00a0\u00bbMontserrat|||on|\u00a0\u00bb button_two_use_icon=\u00a0\u00bboff\u00a0\u00bb module_alignment=\u00a0\u00bbleft\u00a0\u00bb custom_padding=\u00a0\u00bb||274px|||\u00a0\u00bb animation_style=\u00a0\u00bbfade\u00a0\u00bb hover_enabled=\u00a0\u00bb0&Prime; button_one_text_color_hover=\u00a0\u00bb#6eba01&Prime; button_two_text_color_hover=\u00a0\u00bb#6eba01&Prime; button_one_border_color_hover=\u00a0\u00bb#ffffff\u00a0\u00bb button_two_border_color_hover=\u00a0\u00bb#ffffff\u00a0\u00bb button_one_border_radius_hover=\u00a0\u00bb0&Prime; button_two_border_radius_hover=\u00a0\u00bb0&Prime; button_one_letter_spacing_hover=\u00a0\u00bb2&Prime; button_two_letter_spacing_hover=\u00a0\u00bb2&Prime; button_one_bg_color_hover=\u00a0\u00bb#ffffff\u00a0\u00bb button_two_bg_color_hover=\u00a0\u00bb#ffffff\u00a0\u00bb global_colors_info=\u00a0\u00bb{}\u00a0\u00bb button_one_text_size__hover_enabled=\u00a0\u00bboff\u00a0\u00bb button_two_text_size__hover_enabled=\u00a0\u00bboff\u00a0\u00bb button_one_text_color__hover_enabled=\u00a0\u00bbon\u00a0\u00bb button_one_text_color__hover=\u00a0\u00bb#6eba01&Prime; button_two_text_color__hover_enabled=\u00a0\u00bbon\u00a0\u00bb button_two_text_color__hover=\u00a0\u00bb#6eba01&Prime; button_one_border_width__hover_enabled=\u00a0\u00bboff\u00a0\u00bb button_two_border_width__hover_enabled=\u00a0\u00bboff\u00a0\u00bb button_one_border_color__hover_enabled=\u00a0\u00bbon\u00a0\u00bb button_one_border_color__hover=\u00a0\u00bb#ffffff\u00a0\u00bb button_two_border_color__hover_enabled=\u00a0\u00bbon\u00a0\u00bb button_two_border_color__hover=\u00a0\u00bb#ffffff\u00a0\u00bb button_one_border_radius__hover_enabled=\u00a0\u00bbon\u00a0\u00bb button_one_border_radius__hover=\u00a0\u00bb0&Prime; button_two_border_radius__hover_enabled=\u00a0\u00bbon\u00a0\u00bb button_two_border_radius__hover=\u00a0\u00bb0&Prime; button_one_letter_spacing__hover_enabled=\u00a0\u00bbon\u00a0\u00bb button_one_letter_spacing__hover=\u00a0\u00bb2&Prime; button_two_letter_spacing__hover_enabled=\u00a0\u00bbon\u00a0\u00bb button_two_letter_spacing__hover=\u00a0\u00bb2&Prime; button_one_bg_color__hover_enabled=\u00a0\u00bbon\u00a0\u00bb button_one_bg_color__hover=\u00a0\u00bb#ffffff\u00a0\u00bb button_two_bg_color__hover_enabled=\u00a0\u00bbon\u00a0\u00bb button_two_bg_color__hover=\u00a0\u00bb#ffffff\u00a0\u00bb sticky_enabled=\u00a0\u00bb0&Prime;][\/et_pb_fullwidth_header][\/et_pb_section][et_pb_section fb_built=\u00a0\u00bb1&Prime; admin_label=\u00a0\u00bbProjects\u00a0\u00bb _builder_version=\u00a0\u00bb4.16&Prime; min_height=\u00a0\u00bb715.6px\u00a0\u00bb custom_padding=\u00a0\u00bb90px||90px|\u00a0\u00bb global_colors_info=\u00a0\u00bb{}\u00a0\u00bb][et_pb_row _builder_version=\u00a0\u00bb4.16&Prime; background_size=\u00a0\u00bbinitial\u00a0\u00bb background_position=\u00a0\u00bbtop_left\u00a0\u00bb background_repeat=\u00a0\u00bbrepeat\u00a0\u00bb custom_padding=\u00a0\u00bb45px|0px|45px|0px\u00a0\u00bb custom_width_px=\u00a0\u00bb710px\u00a0\u00bb global_colors_info=\u00a0\u00bb{}\u00a0\u00bb][et_pb_column type=\u00a0\u00bb4_4&Prime; _builder_version=\u00a0\u00bb4.16&Prime; background_position=\u00a0\u00bbtop_left\u00a0\u00bb custom_padding=\u00a0\u00bb|||\u00a0\u00bb global_colors_info=\u00a0\u00bb{}\u00a0\u00bb custom_padding__hover=\u00a0\u00bb|||\u00a0\u00bb][et_pb_divider color=\u00a0\u00bb#4e5ed0&Prime; divider_weight=\u00a0\u00bb3px\u00a0\u00bb disabled_on=\u00a0\u00bboff|off|off\u00a0\u00bb _builder_version=\u00a0\u00bb4.16&Prime; background_color_gradient_direction=\u00a0\u00bb90deg\u00a0\u00bb max_width=\u00a0\u00bb100px\u00a0\u00bb module_alignment=\u00a0\u00bbcenter\u00a0\u00bb height=\u00a0\u00bb5px\u00a0\u00bb custom_margin=\u00a0\u00bb||20px|\u00a0\u00bb custom_padding=\u00a0\u00bb||20px|\u00a0\u00bb animation_style=\u00a0\u00bbslide\u00a0\u00bb animation_direction=\u00a0\u00bbbottom\u00a0\u00bb saved_tabs=\u00a0\u00bball\u00a0\u00bb locked=\u00a0\u00bboff\u00a0\u00bb global_colors_info=\u00a0\u00bb{}\u00a0\u00bb][\/et_pb_divider][et_pb_text admin_label=\u00a0\u00bbProjects Section Title\u00a0\u00bb _builder_version=\u00a0\u00bb4.17.6&Prime; header_font=\u00a0\u00bbMontserrat||||\u00a0\u00bb header_text_color=\u00a0\u00bb#1f1f1f\u00a0\u00bb header_font_size=\u00a0\u00bb36px\u00a0\u00bb text_orientation=\u00a0\u00bbcenter\u00a0\u00bb max_width=\u00a0\u00bb710px\u00a0\u00bb module_alignment=\u00a0\u00bbcenter\u00a0\u00bb animation_style=\u00a0\u00bbfold\u00a0\u00bb animation_direction=\u00a0\u00bbbottom\u00a0\u00bb animation_intensity_fold=\u00a0\u00bb20%\u00a0\u00bb global_colors_info=\u00a0\u00bb{}\u00a0\u00bb]<h1>LES VIDEOS VOYAGE AU JAPON<\/h1>[\/et_pb_text][et_pb_text admin_label=\u00a0\u00bbProjects Section Subtitle\u00a0\u00bb _builder_version=\u00a0\u00bb4.17.6&Prime; text_font_size=\u00a0\u00bb16px\u00a0\u00bb text_line_height=\u00a0\u00bb1.9em\u00a0\u00bb link_text_color=\u00a0\u00bb#820f2e\u00a0\u00bb background_size=\u00a0\u00bbinitial\u00a0\u00bb background_position=\u00a0\u00bbtop_left\u00a0\u00bb background_repeat=\u00a0\u00bbrepeat\u00a0\u00bb text_orientation=\u00a0\u00bbcenter\u00a0\u00bb max_width=\u00a0\u00bb710px\u00a0\u00bb module_alignment=\u00a0\u00bbcenter\u00a0\u00bb animation_style=\u00a0\u00bbfold\u00a0\u00bb animation_direction=\u00a0\u00bbbottom\u00a0\u00bb animation_intensity_fold=\u00a0\u00bb20%\u00a0\u00bb global_colors_info=\u00a0\u00bb{}\u00a0\u00bb]<p>Ici, vous trouverez toutes les vid\u00e9os de mon voyage au JAPON de AOUT 2018&#8230;ENJOY !!!<\/p>\n<ul>\n<li>Vous pouvez aussi vous rendre sur ma cha\u00eene Youtube, \u00e0 l&rsquo;adresse :<\/li>\n<li><a href=\"https:\/\/www.youtube.com\/channel\/UCO1MNlcn1dM3neAHxYuiwNA\" target=\"_blank\" rel=\"noopener\" title=\"Geek.No.Omoide, la cha\u00eene Youtube\"><strong>Geek.No.Omoide, la cha\u00eene Youtube !<\/strong><\/a><\/li>\n<\/ul>[\/et_pb_text][et_pb_video src=\u00a0\u00bbhttps:\/\/youtu.be\/Td67gmotS0U\u00a0\u00bb _builder_version=\u00a0\u00bb4.17.6&Prime; _module_preset=\u00a0\u00bbdefault\u00a0\u00bb global_colors_info=\u00a0\u00bb{}\u00a0\u00bb][\/et_pb_video][et_pb_video _builder_version=\u00a0\u00bb4.17.6&Prime; _module_preset=\u00a0\u00bbdefault\u00a0\u00bb global_colors_info=\u00a0\u00bb{}\u00a0\u00bb][\/et_pb_video][\/et_pb_column][\/et_pb_row][et_pb_row column_structure=\u00a0\u00bb1_3,1_3,1_3&Prime; _builder_version=\u00a0\u00bb4.17.6&Prime; _module_preset=\u00a0\u00bbdefault\u00a0\u00bb global_colors_info=\u00a0\u00bb{}\u00a0\u00bb][et_pb_column type=\u00a0\u00bb1_3&Prime; _builder_version=\u00a0\u00bb4.17.6&Prime; _module_preset=\u00a0\u00bbdefault\u00a0\u00bb global_colors_info=\u00a0\u00bb{}\u00a0\u00bb][et_pb_video src=\u00a0\u00bbhttps:\/\/www.youtube.com\/watch?v=T3pWlq0NOdU&#038;t=46s&#038;ab_channel=GEEKNOOMOIDE\u00a0\u00bb _builder_version=\u00a0\u00bb4.17.6&Prime; _module_preset=\u00a0\u00bbdefault\u00a0\u00bb global_colors_info=\u00a0\u00bb{}\u00a0\u00bb][\/et_pb_video][\/et_pb_column][et_pb_column type=\u00a0\u00bb1_3&Prime; _builder_version=\u00a0\u00bb4.17.6&Prime; _module_preset=\u00a0\u00bbdefault\u00a0\u00bb global_colors_info=\u00a0\u00bb{}\u00a0\u00bb][et_pb_video src=\u00a0\u00bbhttps:\/\/www.youtube.com\/watch?v=M4PEJF-x-ac&#038;ab_channel=GEEKNOOMOIDE\u00a0\u00bb _builder_version=\u00a0\u00bb4.17.6&Prime; _module_preset=\u00a0\u00bbdefault\u00a0\u00bb hover_enabled=\u00a0\u00bb0&Prime; sticky_enabled=\u00a0\u00bb0&Prime;][\/et_pb_video][\/et_pb_column][et_pb_column type=\u00a0\u00bb1_3&Prime; _builder_version=\u00a0\u00bb4.17.6&Prime; _module_preset=\u00a0\u00bbdefault\u00a0\u00bb global_colors_info=\u00a0\u00bb{}\u00a0\u00bb][\/et_pb_column][\/et_pb_row][et_pb_row _builder_version=\u00a0\u00bb4.17.6&Prime; _module_preset=\u00a0\u00bbdefault\u00a0\u00bb global_colors_info=\u00a0\u00bb{}\u00a0\u00bb][et_pb_column type=\u00a0\u00bb4_4&Prime; _builder_version=\u00a0\u00bb4.16&Prime; _module_preset=\u00a0\u00bbdefault\u00a0\u00bb global_colors_info=\u00a0\u00bb{}\u00a0\u00bb][et_pb_blog fullwidth=\u00a0\u00bboff\u00a0\u00bb include_categories=\u00a0\u00bb22,21,64&Prime; _builder_version=\u00a0\u00bb4.17.6&Prime; _module_preset=\u00a0\u00bbdefault\u00a0\u00bb meta_text_color=\u00a0\u00bb#c91c39&Prime; global_colors_info=\u00a0\u00bb{}\u00a0\u00bb][\/et_pb_blog][\/et_pb_column][\/et_pb_row][\/et_pb_section]\n\n\n\n","protected":false},"excerpt":{"rendered":"<p>Sur cette page retrouvez toutes les vid\u00e9os de la cha\u00eene Youtube !<\/p>\n","protected":false},"author":1,"featured_media":1047,"parent":0,"menu_order":0,"comment_status":"closed","ping_status":"closed","template":"","meta":{"_et_pb_use_builder":"on","_et_pb_old_content":"","_et_gb_content_width":""},"yoast_head":"<!-- This site is optimized with the Yoast SEO plugin v20.6 - https:\/\/yoast.com\/wordpress\/plugins\/seo\/ -->\n<title>VIDEOS DU JAPON : Ma cha\u00eene Youtube - GEEK NO OMOIDE<\/title>\n<meta name=\"description\" content=\"Sur cette page retrouvez toutes les vid\u00e9os de la cha\u00eene Youtube Geek No Omoide consacr\u00e9e au Japon, anime, mangas et la r\u00e9troculture !!\" \/>\n<meta name=\"robots\" content=\"index, follow, max-snippet:-1, max-image-preview:large, max-video-preview:-1\" \/>\n<link rel=\"canonical\" href=\"https:\/\/www.geeknoomoide.com\/index.php\/videos-du-japon-la-chaine-youtube\/\" \/>\n<meta property=\"og:locale\" content=\"fr_FR\" \/>\n<meta property=\"og:type\" content=\"article\" \/>\n<meta property=\"og:title\" content=\"VIDEOS DU JAPON : Ma cha\u00eene Youtube - GEEK NO OMOIDE\" \/>\n<meta property=\"og:description\" content=\"Sur cette page retrouvez toutes les vid\u00e9os de la cha\u00eene Youtube Geek No Omoide consacr\u00e9e au Japon, anime, mangas et la r\u00e9troculture !!\" \/>\n<meta property=\"og:url\" content=\"https:\/\/www.geeknoomoide.com\/index.php\/videos-du-japon-la-chaine-youtube\/\" \/>\n<meta property=\"og:site_name\" content=\"GEEK NO OMOIDE\" \/>\n<meta property=\"article:modified_time\" content=\"2022-07-27T11:48:46+00:00\" \/>\n<meta property=\"og:image\" content=\"https:\/\/www.geeknoomoide.com\/wp-content\/uploads\/2022\/07\/2022-07-21.png?v=1658412795\" \/>\n\t<meta property=\"og:image:width\" content=\"1105\" \/>\n\t<meta property=\"og:image:height\" content=\"621\" \/>\n\t<meta property=\"og:image:type\" content=\"image\/png\" \/>\n<meta name=\"twitter:card\" content=\"summary_large_image\" \/>\n<meta name=\"twitter:label1\" content=\"Dur\u00e9e de lecture estim\u00e9e\" \/>\n\t<meta name=\"twitter:data1\" content=\"2 minutes\" \/>\n<script type=\"application\/ld+json\" class=\"yoast-schema-graph\">{\"@context\":\"https:\/\/schema.org\",\"@graph\":[{\"@type\":\"WebPage\",\"@id\":\"https:\/\/www.geeknoomoide.com\/index.php\/videos-du-japon-la-chaine-youtube\/\",\"url\":\"https:\/\/www.geeknoomoide.com\/index.php\/videos-du-japon-la-chaine-youtube\/\",\"name\":\"VIDEOS DU JAPON : Ma cha\u00eene Youtube - GEEK NO OMOIDE\",\"isPartOf\":{\"@id\":\"https:\/\/www.geeknoomoide.com\/#website\"},\"datePublished\":\"2022-07-21T13:51:05+00:00\",\"dateModified\":\"2022-07-27T11:48:46+00:00\",\"description\":\"Sur cette page retrouvez toutes les vid\u00e9os de la cha\u00eene Youtube Geek No Omoide consacr\u00e9e au Japon, anime, mangas et la r\u00e9troculture !!\",\"breadcrumb\":{\"@id\":\"https:\/\/www.geeknoomoide.com\/index.php\/videos-du-japon-la-chaine-youtube\/#breadcrumb\"},\"inLanguage\":\"fr-FR\",\"potentialAction\":[{\"@type\":\"ReadAction\",\"target\":[\"https:\/\/www.geeknoomoide.com\/index.php\/videos-du-japon-la-chaine-youtube\/\"]}]},{\"@type\":\"BreadcrumbList\",\"@id\":\"https:\/\/www.geeknoomoide.com\/index.php\/videos-du-japon-la-chaine-youtube\/#breadcrumb\",\"itemListElement\":[{\"@type\":\"ListItem\",\"position\":1,\"name\":\"Accueil\",\"item\":\"https:\/\/www.geeknoomoide.com\/\"},{\"@type\":\"ListItem\",\"position\":2,\"name\":\"VIDEOS DU JAPON : Ma cha\u00eene Youtube\"}]},{\"@type\":\"WebSite\",\"@id\":\"https:\/\/www.geeknoomoide.com\/#website\",\"url\":\"https:\/\/www.geeknoomoide.com\/\",\"name\":\"GEEK NO OMOIDE\",\"description\":\"Japon-anime-mangas-r\u00e9tro-culture\",\"potentialAction\":[{\"@type\":\"SearchAction\",\"target\":{\"@type\":\"EntryPoint\",\"urlTemplate\":\"https:\/\/www.geeknoomoide.com\/?s={search_term_string}\"},\"query-input\":\"required name=search_term_string\"}],\"inLanguage\":\"fr-FR\"}]}<\/script>\n<!-- \/ Yoast SEO plugin. -->","yoast_head_json":{"title":"VIDEOS DU JAPON : Ma cha\u00eene Youtube - GEEK NO OMOIDE","description":"Sur cette page retrouvez toutes les vid\u00e9os de la cha\u00eene Youtube Geek No Omoide consacr\u00e9e au Japon, anime, mangas et la r\u00e9troculture !!","robots":{"index":"index","follow":"follow","max-snippet":"max-snippet:-1","max-image-preview":"max-image-preview:large","max-video-preview":"max-video-preview:-1"},"canonical":"https:\/\/www.geeknoomoide.com\/index.php\/videos-du-japon-la-chaine-youtube\/","og_locale":"fr_FR","og_type":"article","og_title":"VIDEOS DU JAPON : Ma cha\u00eene Youtube - GEEK NO OMOIDE","og_description":"Sur cette page retrouvez toutes les vid\u00e9os de la cha\u00eene Youtube Geek No Omoide consacr\u00e9e au Japon, anime, mangas et la r\u00e9troculture !!","og_url":"https:\/\/www.geeknoomoide.com\/index.php\/videos-du-japon-la-chaine-youtube\/","og_site_name":"GEEK NO OMOIDE","article_modified_time":"2022-07-27T11:48:46+00:00","og_image":[{"width":1105,"height":621,"url":"https:\/\/www.geeknoomoide.com\/wp-content\/uploads\/2022\/07\/2022-07-21.png?v=1658412795","type":"image\/png"}],"twitter_card":"summary_large_image","twitter_misc":{"Dur\u00e9e de lecture estim\u00e9e":"2 minutes"},"schema":{"@context":"https:\/\/schema.org","@graph":[{"@type":"WebPage","@id":"https:\/\/www.geeknoomoide.com\/index.php\/videos-du-japon-la-chaine-youtube\/","url":"https:\/\/www.geeknoomoide.com\/index.php\/videos-du-japon-la-chaine-youtube\/","name":"VIDEOS DU JAPON : Ma cha\u00eene Youtube - GEEK NO OMOIDE","isPartOf":{"@id":"https:\/\/www.geeknoomoide.com\/#website"},"datePublished":"2022-07-21T13:51:05+00:00","dateModified":"2022-07-27T11:48:46+00:00","description":"Sur cette page retrouvez toutes les vid\u00e9os de la cha\u00eene Youtube Geek No Omoide consacr\u00e9e au Japon, anime, mangas et la r\u00e9troculture !!","breadcrumb":{"@id":"https:\/\/www.geeknoomoide.com\/index.php\/videos-du-japon-la-chaine-youtube\/#breadcrumb"},"inLanguage":"fr-FR","potentialAction":[{"@type":"ReadAction","target":["https:\/\/www.geeknoomoide.com\/index.php\/videos-du-japon-la-chaine-youtube\/"]}]},{"@type":"BreadcrumbList","@id":"https:\/\/www.geeknoomoide.com\/index.php\/videos-du-japon-la-chaine-youtube\/#breadcrumb","itemListElement":[{"@type":"ListItem","position":1,"name":"Accueil","item":"https:\/\/www.geeknoomoide.com\/"},{"@type":"ListItem","position":2,"name":"VIDEOS DU JAPON : Ma cha\u00eene Youtube"}]},{"@type":"WebSite","@id":"https:\/\/www.geeknoomoide.com\/#website","url":"https:\/\/www.geeknoomoide.com\/","name":"GEEK NO OMOIDE","description":"Japon-anime-mangas-r\u00e9tro-culture","potentialAction":[{"@type":"SearchAction","target":{"@type":"EntryPoint","urlTemplate":"https:\/\/www.geeknoomoide.com\/?s={search_term_string}"},"query-input":"required name=search_term_string"}],"inLanguage":"fr-FR"}]}},"_links":{"self":[{"href":"https:\/\/www.geeknoomoide.com\/index.php\/wp-json\/wp\/v2\/pages\/1036"}],"collection":[{"href":"https:\/\/www.geeknoomoide.com\/index.php\/wp-json\/wp\/v2\/pages"}],"about":[{"href":"https:\/\/www.geeknoomoide.com\/index.php\/wp-json\/wp\/v2\/types\/page"}],"author":[{"embeddable":true,"href":"https:\/\/www.geeknoomoide.com\/index.php\/wp-json\/wp\/v2\/users\/1"}],"replies":[{"embeddable":true,"href":"https:\/\/www.geeknoomoide.com\/index.php\/wp-json\/wp\/v2\/comments?post=1036"}],"version-history":[{"count":13,"href":"https:\/\/www.geeknoomoide.com\/index.php\/wp-json\/wp\/v2\/pages\/1036\/revisions"}],"predecessor-version":[{"id":1063,"href":"https:\/\/www.geeknoomoide.com\/index.php\/wp-json\/wp\/v2\/pages\/1036\/revisions\/1063"}],"wp:featuredmedia":[{"embeddable":true,"href":"https:\/\/www.geeknoomoide.com\/index.php\/wp-json\/wp\/v2\/media\/1047"}],"wp:attachment":[{"href":"https:\/\/www.geeknoomoide.com\/index.php\/wp-json\/wp\/v2\/media?parent=1036"}],"curies":[{"name":"wp","href":"https:\/\/api.w.org\/{rel}","templated":true}]}}